{"id":9580,"date":"2024-01-06T23:54:26","date_gmt":"2024-01-06T22:54:26","guid":{"rendered":"https:\/\/escoffierch.com\/?page_id=9580"},"modified":"2024-01-08T23:06:28","modified_gmt":"2024-01-08T22:06:28","slug":"mes-evenements-reserves","status":"publish","type":"page","link":"https:\/\/escoffierch.com\/fr\/mes-evenements-reserves\/","title":{"rendered":"Mes \u00e9v\u00e9nements r\u00e9serv\u00e9s"},"content":{"rendered":"<div class=\"pmpro\"><div class=\"pmpro_card pmpro_content_message\"><div class=\"pmpro_card_content\"><div class=\"logged-out-msg\">\r\n<h2>Diese Inhalte sind nur f\u00fcr best\u00e4tigte Mitglieder einsehbar.<\/h2> \r\n<p>Sofern Sie sich bereits als Mitglied \/Jeunes Talent Teilnehmer registriert haben, werden Sie in K\u00fcrze weitere Informationen bzw. die Freischaltung erhalten. <br>Vielen Dank f\u00fcr Ihre Geduld.<\/p>\r\n<p>Sollten Sie bereits ein Nutzerkonto besitzen, dann nutzen Sie den Login-Link<\/p>\r\n<a href=\"https:\/\/escoffierch.com\/login\/\">Login<\/a> \r\n<\/div><\/div><\/div><\/div>","protected":false},"excerpt":{"rendered":"<div class=\"pmpro\"><div class=\"pmpro_card pmpro_content_message\"><div class=\"pmpro_card_content\"><div class=\"logged-out-msg\">\r\n<h2>Diese Inhalte sind nur f\u00fcr best\u00e4tigte Mitglieder einsehbar.<\/h2> \r\n<p>Sofern Sie sich bereits als Mitglied \/Jeunes Talent Teilnehmer registriert haben, werden Sie in K\u00fcrze weitere Informationen bzw. die Freischaltung erhalten. <br>Vielen Dank f\u00fcr Ihre Geduld.<\/p>\r\n<p>Sollten Sie bereits ein Nutzerkonto besitzen, dann nutzen Sie den Login-Link<\/p>\r\n<a href=\"https:\/\/escoffierch.com\/login\/\">Login<\/a> \r\n<\/div><\/div><\/div><\/div>","protected":false},"author":1,"featured_media":0,"parent":0,"menu_order":0,"comment_status":"closed","ping_status":"closed","template":"","meta":{"_acf_changed":false,"pmpro_default_level":"","footnotes":""},"class_list":["post-9580","page","type-page","status-publish","hentry","pmpro-level-required","pmpro-level-1","pmpro-level-2","pmpro-level-3","pmpro-level-4","pmpro-level-5","pmpro-level-7","pmpro-no-access"],"acf":[],"_links":{"self":[{"href":"https:\/\/escoffierch.com\/fr\/wp-json\/wp\/v2\/pages\/9580","targetHints":{"allow":["GET"]}}],"collection":[{"href":"https:\/\/escoffierch.com\/fr\/wp-json\/wp\/v2\/pages"}],"about":[{"href":"https:\/\/escoffierch.com\/fr\/wp-json\/wp\/v2\/types\/page"}],"author":[{"embeddable":true,"href":"https:\/\/escoffierch.com\/fr\/wp-json\/wp\/v2\/users\/1"}],"replies":[{"embeddable":true,"href":"https:\/\/escoffierch.com\/fr\/wp-json\/wp\/v2\/comments?post=9580"}],"version-history":[{"count":0,"href":"https:\/\/escoffierch.com\/fr\/wp-json\/wp\/v2\/pages\/9580\/revisions"}],"wp:attachment":[{"href":"https:\/\/escoffierch.com\/fr\/wp-json\/wp\/v2\/media?parent=9580"}],"curies":[{"name":"wp","href":"https:\/\/api.w.org\/{rel}","templated":true}]}}