{"id":9182,"date":"2023-07-07T15:14:43","date_gmt":"2023-07-07T13:14:43","guid":{"rendered":"https:\/\/escoffierch.com\/?page_id=9182"},"modified":"2024-01-04T19:34:14","modified_gmt":"2024-01-04T18:34:14","slug":"acces-refuse","status":"publish","type":"page","link":"https:\/\/escoffierch.com\/fr\/acces-refuse\/","title":{"rendered":"Acc\u00e8s refus\u00e9"},"content":{"rendered":"\t\t<div data-elementor-type=\"wp-page\" data-elementor-id=\"9182\" class=\"elementor elementor-9182 elementor-994\" data-elementor-post-type=\"page\">\n\t\t\t\t\t\t<section class=\"elementor-section elementor-top-section elementor-element elementor-element-f60c607 elementor-section-boxed elementor-section-height-default elementor-section-height-default\" data-id=\"f60c607\" data-element_type=\"section\" data-e-type=\"section\">\n\t\t\t\t\t\t<div class=\"elementor-container elementor-column-gap-default\">\n\t\t\t\t\t<div class=\"elementor-column elementor-col-100 elementor-top-column elementor-element elementor-element-a89ee9d\" data-id=\"a89ee9d\" data-element_type=\"column\" data-e-type=\"column\">\n\t\t\t<div class=\"elementor-widget-wrap elementor-element-populated\">\n\t\t\t\t\t\t<div class=\"elementor-element elementor-element-647487d elementor-widget elementor-widget-heading\" data-id=\"647487d\" data-element_type=\"widget\" data-e-type=\"widget\" data-widget_type=\"heading.default\">\n\t\t\t\t<div class=\"elementor-widget-container\">\n\t\t\t\t\t<h2 class=\"elementor-heading-title elementor-size-default\">Acc\u00e8s refus\u00e9<\/h2>\t\t\t\t<\/div>\n\t\t\t\t<\/div>\n\t\t\t\t<div class=\"elementor-element elementor-element-3466c18 elementor-widget elementor-widget-text-editor\" data-id=\"3466c18\" data-element_type=\"widget\" data-e-type=\"widget\" data-widget_type=\"text-editor.default\">\n\t\t\t\t<div class=\"elementor-widget-container\">\n\t\t\t\t\t\t\t\t\t<p>Vous n&rsquo;avez malheureusement pas les droits d&rsquo;acc\u00e8s n\u00e9cessaires pour consulter ce contenu. Si vous avez rencontr\u00e9 ce probl\u00e8me par erreur, veuillez contacter l&rsquo;administrateur du site.<\/p>\t\t\t\t\t\t\t\t<\/div>\n\t\t\t\t<\/div>\n\t\t\t\t<div class=\"elementor-element elementor-element-3fa8e10 elementor-widget elementor-widget-shortcode\" data-id=\"3fa8e10\" data-element_type=\"widget\" data-e-type=\"widget\" data-widget_type=\"shortcode.default\">\n\t\t\t\t<div class=\"elementor-widget-container\">\n\t\t\t\t\t\t\t<div class=\"elementor-shortcode\">This content is restricted. \n<\/div>\n\t\t\t\t\t\t<\/div>\n\t\t\t\t<\/div>\n\t\t\t\t\t<\/div>\n\t\t<\/div>\n\t\t\t\t\t<\/div>\n\t\t<\/section>\n\t\t\t\t<\/div>\n\t\t","protected":false},"excerpt":{"rendered":"<p>Acc\u00e8s refus\u00e9 Vous n&rsquo;avez malheureusement pas les droits d&rsquo;acc\u00e8s n\u00e9cessaires pour consulter ce contenu. Si vous avez rencontr\u00e9 ce probl\u00e8me par erreur, veuillez contacter l&rsquo;administrateur&hellip;<\/p>\n","protected":false},"author":1,"featured_media":0,"parent":0,"menu_order":0,"comment_status":"closed","ping_status":"closed","template":"","meta":{"_acf_changed":false,"pmpro_default_level":"","footnotes":""},"class_list":["post-9182","page","type-page","status-publish","hentry","pmpro-has-access"],"acf":[],"_links":{"self":[{"href":"https:\/\/escoffierch.com\/fr\/wp-json\/wp\/v2\/pages\/9182","targetHints":{"allow":["GET"]}}],"collection":[{"href":"https:\/\/escoffierch.com\/fr\/wp-json\/wp\/v2\/pages"}],"about":[{"href":"https:\/\/escoffierch.com\/fr\/wp-json\/wp\/v2\/types\/page"}],"author":[{"embeddable":true,"href":"https:\/\/escoffierch.com\/fr\/wp-json\/wp\/v2\/users\/1"}],"replies":[{"embeddable":true,"href":"https:\/\/escoffierch.com\/fr\/wp-json\/wp\/v2\/comments?post=9182"}],"version-history":[{"count":0,"href":"https:\/\/escoffierch.com\/fr\/wp-json\/wp\/v2\/pages\/9182\/revisions"}],"wp:attachment":[{"href":"https:\/\/escoffierch.com\/fr\/wp-json\/wp\/v2\/media?parent=9182"}],"curies":[{"name":"wp","href":"https:\/\/api.w.org\/{rel}","templated":true}]}}