{"id":8605,"date":"2023-04-19T08:54:06","date_gmt":"2023-04-19T06:54:06","guid":{"rendered":"https:\/\/escoffierch.com\/?page_id=8605"},"modified":"2024-01-04T12:23:31","modified_gmt":"2024-01-04T11:23:31","slug":"mentions-legales","status":"publish","type":"page","link":"https:\/\/escoffierch.com\/fr\/mentions-legales\/","title":{"rendered":"Mentions l\u00e9gales"},"content":{"rendered":"\t\t<div data-elementor-type=\"wp-page\" data-elementor-id=\"8605\" class=\"elementor elementor-8605 elementor-48\" data-elementor-post-type=\"page\">\n\t\t\t\t\t\t<section class=\"elementor-section elementor-top-section elementor-element elementor-element-5566f9b elementor-section-boxed elementor-section-height-default elementor-section-height-default\" data-id=\"5566f9b\" data-element_type=\"section\" data-e-type=\"section\">\n\t\t\t\t\t\t<div class=\"elementor-container elementor-column-gap-default\">\n\t\t\t\t\t<div class=\"elementor-column elementor-col-100 elementor-top-column elementor-element elementor-element-d3541c8\" data-id=\"d3541c8\" data-element_type=\"column\" data-e-type=\"column\">\n\t\t\t<div class=\"elementor-widget-wrap elementor-element-populated\">\n\t\t\t\t\t\t<section class=\"elementor-section elementor-inner-section elementor-element elementor-element-be6d49d elementor-section-boxed elementor-section-height-default elementor-section-height-default\" data-id=\"be6d49d\" data-element_type=\"section\" data-e-type=\"section\">\n\t\t\t\t\t\t<div class=\"elementor-container elementor-column-gap-default\">\n\t\t\t\t\t<div class=\"elementor-column elementor-col-50 elementor-inner-column elementor-element elementor-element-2f0f5c1\" data-id=\"2f0f5c1\" data-element_type=\"column\" data-e-type=\"column\">\n\t\t\t<div class=\"elementor-widget-wrap elementor-element-populated\">\n\t\t\t\t\t\t\t<\/div>\n\t\t<\/div>\n\t\t\t\t<div class=\"elementor-column elementor-col-50 elementor-inner-column elementor-element elementor-element-a10adcc\" data-id=\"a10adcc\" data-element_type=\"column\" data-e-type=\"column\">\n\t\t\t<div class=\"elementor-widget-wrap\">\n\t\t\t\t\t\t\t<\/div>\n\t\t<\/div>\n\t\t\t\t\t<\/div>\n\t\t<\/section>\n\t\t\t\t<section class=\"elementor-section elementor-inner-section elementor-element elementor-element-dd0e410 elementor-section-boxed elementor-section-height-default elementor-section-height-default\" data-id=\"dd0e410\" data-element_type=\"section\" data-e-type=\"section\">\n\t\t\t\t\t\t<div class=\"elementor-container elementor-column-gap-default\">\n\t\t\t\t\t<div class=\"elementor-column elementor-col-100 elementor-inner-column elementor-element elementor-element-27d3de1\" data-id=\"27d3de1\" data-element_type=\"column\" data-e-type=\"column\">\n\t\t\t<div class=\"elementor-widget-wrap elementor-element-populated\">\n\t\t\t\t\t\t<div class=\"elementor-element elementor-element-e9debd1 elementor-widget elementor-widget-text-editor\" data-id=\"e9debd1\" data-element_type=\"widget\" data-e-type=\"widget\" data-widget_type=\"text-editor.default\">\n\t\t\t\t<div class=\"elementor-widget-container\">\n\t\t\t\t\t\t\t\t\t<p><strong>Les Disciples d`Auguste Escoffier Schweiz<\/strong><br \/>c\/o Thierry Fischer<br \/>Rudolfstrasse 43<br \/>4054 Basel<br \/>Schweiz<br \/><a href=\"mailto:auguste@escoffierch.com\">auguste@escoffierch.com<\/a><\/p><p><strong>Personne habilit\u00e9e \u00e0 repr\u00e9senter l&rsquo;entreprise :<\/strong><br \/>Thierry Fischer<br \/>+41 79 934 70 84<br \/><a href=\"mailto:president@escoffierch.com\">president@escoffierch.com<\/a><\/p><p><strong>Mention des sources des images et illustrations utilis\u00e9es<\/strong><br \/>zVg<\/p><p><strong>Clause de responsabilit\u00e9<\/strong><\/p><p>L&rsquo;auteur n&rsquo;assume aucune responsabilit\u00e9 quant \u00e0 la v\u00e9racit\u00e9, l&rsquo;exactitude, l&rsquo;actualit\u00e9, la fiabilit\u00e9 et l&rsquo;exhaustivit\u00e9 des informations. L&rsquo;auteur ne saurait \u00eatre tenu pour responsable des dommages mat\u00e9riels ou immat\u00e9riels qui pourraient \u00eatre caus\u00e9s par l&rsquo;acc\u00e8s aux informations diffus\u00e9es ou par leur utilisation ou non-utilisation, par le mauvais usage de la connexion ou par des probl\u00e8mes techniques.<\/p><p>Toutes les offres sont sans engagement. L&rsquo;auteur se r\u00e9serve express\u00e9ment le droit de modifier, de compl\u00e9ter ou de supprimer des parties de pages ou l&rsquo;ensemble de l&rsquo;offre sans avis pr\u00e9alable, ou d&rsquo;en suspendre temporairement ou d\u00e9finitivement la publication.<\/p><p><strong>Responsabilit\u00e9 pour les liens<\/strong><br \/>Les renvois et liens vers des sites web de tiers ne rel\u00e8vent pas de notre responsabilit\u00e9. Nous d\u00e9clinons toute responsabilit\u00e9 pour de tels sites web. L&rsquo;acc\u00e8s \u00e0 de tels sites et leur utilisation se font aux risques et p\u00e9rils de l&rsquo;utilisateur ou de l&rsquo;utilisatrice.<\/p><p><strong>Droits d&rsquo;auteur<\/strong><br \/>Les droits d&rsquo;auteur et tous les autres droits li\u00e9s aux contenus, images, photos ou autres fichiers pr\u00e9sents sur le site web sont la propri\u00e9t\u00e9 exclusive des Disciples Escoffier Suisse, l&rsquo;exploitant de ce site web ou des titulaires de droits sp\u00e9cialement cit\u00e9s. Pour la reproduction de tout \u00e9l\u00e9ment, l&rsquo;accord \u00e9crit des d\u00e9tenteurs des droits d&rsquo;auteur doit \u00eatre obtenu au pr\u00e9alable.<\/p><p><strong>Droit et for juridique<\/strong><br \/>Seul le droit suisse est appliqu\u00e9. Le tribunal comp\u00e9tent est celui de B\u00e2le.<\/p><p><strong>D\u00e9clarations de protection des donn\u00e9es<\/strong><br \/><a href=\"https:\/\/escoffierch.com\/fr\/protection-des-donnees\/\">Protection des Donn\u00e9s<\/a><\/p><p><strong>Version<\/strong><br \/>Janvier 2024<\/p>\t\t\t\t\t\t\t\t<\/div>\n\t\t\t\t<\/div>\n\t\t\t\t\t<\/div>\n\t\t<\/div>\n\t\t\t\t\t<\/div>\n\t\t<\/section>\n\t\t\t\t\t<\/div>\n\t\t<\/div>\n\t\t\t\t\t<\/div>\n\t\t<\/section>\n\t\t\t\t<\/div>\n\t\t","protected":false},"excerpt":{"rendered":"<p>Les Disciples d`Auguste Escoffier Schweizc\/o Thierry FischerRudolfstrasse 434054 BaselSchweizauguste@escoffierch.com Personne habilit\u00e9e \u00e0 repr\u00e9senter l&rsquo;entreprise :Thierry Fischer+41 79 934 70 84president@escoffierch.com Mention des sources des images&hellip;<\/p>\n","protected":false},"author":1,"featured_media":0,"parent":0,"menu_order":0,"comment_status":"closed","ping_status":"closed","template":"elementor_header_footer","meta":{"_acf_changed":false,"pmpro_default_level":"","footnotes":""},"class_list":["post-8605","page","type-page","status-publish","hentry","pmpro-has-access"],"acf":[],"_links":{"self":[{"href":"https:\/\/escoffierch.com\/fr\/wp-json\/wp\/v2\/pages\/8605","targetHints":{"allow":["GET"]}}],"collection":[{"href":"https:\/\/escoffierch.com\/fr\/wp-json\/wp\/v2\/pages"}],"about":[{"href":"https:\/\/escoffierch.com\/fr\/wp-json\/wp\/v2\/types\/page"}],"author":[{"embeddable":true,"href":"https:\/\/escoffierch.com\/fr\/wp-json\/wp\/v2\/users\/1"}],"replies":[{"embeddable":true,"href":"https:\/\/escoffierch.com\/fr\/wp-json\/wp\/v2\/comments?post=8605"}],"version-history":[{"count":0,"href":"https:\/\/escoffierch.com\/fr\/wp-json\/wp\/v2\/pages\/8605\/revisions"}],"wp:attachment":[{"href":"https:\/\/escoffierch.com\/fr\/wp-json\/wp\/v2\/media?parent=8605"}],"curies":[{"name":"wp","href":"https:\/\/api.w.org\/{rel}","templated":true}]}}