{"id":7438,"date":"2023-10-13T13:39:28","date_gmt":"2023-10-13T11:39:28","guid":{"rendered":"https:\/\/escoffierch.com\/mitgliedersliste\/"},"modified":"2023-12-18T16:10:00","modified_gmt":"2023-12-18T15:10:00","slug":"regions-et-membres-disciples-escoffier-suisse","status":"publish","type":"page","link":"https:\/\/escoffierch.com\/fr\/regions-et-membres-disciples-escoffier-suisse\/","title":{"rendered":"R\u00e9gions et membres Disciples Escoffier Suisse"},"content":{"rendered":"\t\t<div data-elementor-type=\"wp-page\" data-elementor-id=\"7438\" class=\"elementor elementor-7438 elementor-5345\" data-elementor-post-type=\"page\">\n\t\t\t\t\t\t<section class=\"elementor-section elementor-top-section elementor-element elementor-element-899ba96 elementor-section-full_width elementor-section-height-default elementor-section-height-default\" data-id=\"899ba96\" data-element_type=\"section\" data-e-type=\"section\">\n\t\t\t\t\t\t<div class=\"elementor-container elementor-column-gap-default\">\n\t\t\t\t\t<div class=\"elementor-column elementor-col-100 elementor-top-column elementor-element elementor-element-5260684\" data-id=\"5260684\" data-element_type=\"column\" data-e-type=\"column\">\n\t\t\t<div class=\"elementor-widget-wrap elementor-element-populated\">\n\t\t\t\t\t\t<div class=\"elementor-element elementor-element-e3c689f elementor-widget elementor-widget-template\" data-id=\"e3c689f\" data-element_type=\"widget\" data-e-type=\"widget\" data-widget_type=\"template.default\">\n\t\t\t\t<div class=\"elementor-widget-container\">\n\t\t\t\t\t\t\t<div class=\"elementor-template\">\n\t\t\t\t\t<div data-elementor-type=\"section\" data-elementor-id=\"2612\" class=\"elementor elementor-2612\" data-elementor-post-type=\"elementor_library\">\n\t\t\t\t\t<section class=\"elementor-section elementor-top-section elementor-element elementor-element-e01b70d elementor-section-full_width no-padding elementor-section-height-default elementor-section-height-default\" data-id=\"e01b70d\" data-element_type=\"section\" data-e-type=\"section\">\n\t\t\t\t\t\t<div class=\"elementor-container elementor-column-gap-default\">\n\t\t\t\t\t<div class=\"elementor-column elementor-col-100 elementor-top-column elementor-element elementor-element-14ef278\" data-id=\"14ef278\" data-element_type=\"column\" data-e-type=\"column\">\n\t\t\t<div class=\"elementor-widget-wrap elementor-element-populated\">\n\t\t\t\t\t\t<section class=\"elementor-section elementor-inner-section elementor-element elementor-element-a6d91ea elementor-section-full_width elementor-section-content-middle banner right elementor-section-height-default elementor-section-height-default\" data-id=\"a6d91ea\" data-element_type=\"section\" data-e-type=\"section\">\n\t\t\t\t\t\t<div class=\"elementor-container elementor-column-gap-default\">\n\t\t\t\t\t<div class=\"elementor-column elementor-col-50 elementor-inner-column elementor-element elementor-element-5431e5c\" data-id=\"5431e5c\" data-element_type=\"column\" data-e-type=\"column\">\n\t\t\t<div class=\"elementor-widget-wrap elementor-element-populated\">\n\t\t\t\t\t\t\t<\/div>\n\t\t<\/div>\n\t\t\t\t<div class=\"elementor-column elementor-col-50 elementor-inner-column elementor-element elementor-element-b006be0\" data-id=\"b006be0\" data-element_type=\"column\" data-e-type=\"column\">\n\t\t\t<div class=\"elementor-widget-wrap elementor-element-populated\">\n\t\t\t\t\t\t<div class=\"elementor-element elementor-element-125faf8 jt-icon elementor-widget elementor-widget-image\" data-id=\"125faf8\" data-element_type=\"widget\" data-e-type=\"widget\" data-widget_type=\"image.default\">\n\t\t\t\t<div class=\"elementor-widget-container\">\n\t\t\t\t\t\t\t\t\t\t\t\t\t\t\t<img decoding=\"async\" width=\"131\" height=\"64\" src=\"https:\/\/escoffierch.com\/wp-content\/uploads\/2023\/09\/JTE-YTE.png\" class=\"attachment-large size-large wp-image-5435\" alt=\"\" \/>\t\t\t\t\t\t\t\t\t\t\t\t\t\t\t<\/div>\n\t\t\t\t<\/div>\n\t\t\t\t<div class=\"elementor-element elementor-element-b48a666 elementor-widget elementor-widget-image\" data-id=\"b48a666\" data-element_type=\"widget\" data-e-type=\"widget\" data-widget_type=\"image.default\">\n\t\t\t\t<div class=\"elementor-widget-container\">\n\t\t\t\t\t\t\t\t\t\t\t\t\t\t\t<img fetchpriority=\"high\" decoding=\"async\" width=\"640\" height=\"640\" src=\"https:\/\/escoffierch.com\/wp-content\/uploads\/2023\/10\/Disciples-Escoffier.jpg\" class=\"attachment-large size-large wp-image-6782\" alt=\"\" srcset=\"https:\/\/escoffierch.com\/wp-content\/uploads\/2023\/10\/Disciples-Escoffier.jpg 1000w, https:\/\/escoffierch.com\/wp-content\/uploads\/2023\/10\/Disciples-Escoffier-300x300.jpg 300w, https:\/\/escoffierch.com\/wp-content\/uploads\/2023\/10\/Disciples-Escoffier-150x150.jpg 150w, https:\/\/escoffierch.com\/wp-content\/uploads\/2023\/10\/Disciples-Escoffier-768x768.jpg 768w, https:\/\/escoffierch.com\/wp-content\/uploads\/2023\/10\/Disciples-Escoffier-500x500.jpg 500w, https:\/\/escoffierch.com\/wp-content\/uploads\/2023\/10\/Disciples-Escoffier-624x624.jpg 624w\" sizes=\"(max-width: 640px) 100vw, 640px\" \/>\t\t\t\t\t\t\t\t\t\t\t\t\t\t\t<\/div>\n\t\t\t\t<\/div>\n\t\t\t\t\t<\/div>\n\t\t<\/div>\n\t\t\t\t\t<\/div>\n\t\t<\/section>\n\t\t\t\t\t<\/div>\n\t\t<\/div>\n\t\t\t\t\t<\/div>\n\t\t<\/section>\n\t\t\t\t<section class=\"elementor-section elementor-top-section elementor-element elementor-element-6a13b6e5 top-padding elementor-section-boxed elementor-section-height-default elementor-section-height-default\" data-id=\"6a13b6e5\" data-element_type=\"section\" data-e-type=\"section\">\n\t\t\t\t\t\t<div class=\"elementor-container elementor-column-gap-default\">\n\t\t\t\t\t<div class=\"elementor-column elementor-col-100 elementor-top-column elementor-element elementor-element-2aaee1b7\" data-id=\"2aaee1b7\" data-element_type=\"column\" data-e-type=\"column\">\n\t\t\t<div class=\"elementor-widget-wrap elementor-element-populated\">\n\t\t\t\t\t\t<section class=\"elementor-section elementor-inner-section elementor-element elementor-element-2a2e6771 left-col-small elementor-section-boxed elementor-section-height-default elementor-section-height-default\" data-id=\"2a2e6771\" data-element_type=\"section\" data-e-type=\"section\">\n\t\t\t\t\t\t<div class=\"elementor-container elementor-column-gap-default\">\n\t\t\t\t\t<div class=\"elementor-column elementor-col-33 elementor-inner-column elementor-element elementor-element-7c8c8238\" data-id=\"7c8c8238\" data-element_type=\"column\" data-e-type=\"column\">\n\t\t\t<div class=\"elementor-widget-wrap\">\n\t\t\t\t\t\t\t<\/div>\n\t\t<\/div>\n\t\t\t\t<div class=\"elementor-column elementor-col-33 elementor-inner-column elementor-element elementor-element-65e70bc0\" data-id=\"65e70bc0\" data-element_type=\"column\" data-e-type=\"column\">\n\t\t\t<div class=\"elementor-widget-wrap elementor-element-populated\">\n\t\t\t\t\t\t<div class=\"elementor-element elementor-element-bba9a72 elementor-widget elementor-widget-text-editor\" data-id=\"bba9a72\" data-element_type=\"widget\" data-e-type=\"widget\" data-widget_type=\"text-editor.default\">\n\t\t\t\t<div class=\"elementor-widget-container\">\n\t\t\t\t\t\t\t\t\t<p>En tant qu&rsquo;association internationale renomm\u00e9e de professionnels de la gastronomie et de passionn\u00e9s de l&rsquo;alimentation, Disciples Escoffier est fi\u00e8re d&rsquo;offrir une plateforme permettant \u00e0 ses membres d&rsquo;\u00e9changer, de cr\u00e9er des r\u00e9seaux et de s&rsquo;adonner \u00e0 leur passion pour les arts culinaires. La d\u00e9l\u00e9gation suisse est compos\u00e9e de nombreux chefs talentueux, de restaurateurs, de sommeliers et de tous ceux qui se passionnent pour la cuisine et les valeurs d&rsquo;Auguste Escoffier.<\/p>\n\t\t\t\t\t\t\t\t<\/div>\n\t\t\t\t<\/div>\n\t\t\t\t\t<\/div>\n\t\t<\/div>\n\t\t\t\t<div class=\"elementor-column elementor-col-33 elementor-inner-column elementor-element elementor-element-2616a19\" data-id=\"2616a19\" data-element_type=\"column\" data-e-type=\"column\">\n\t\t\t<div class=\"elementor-widget-wrap elementor-element-populated\">\n\t\t\t\t\t\t<div class=\"elementor-element elementor-element-6de3798 elementor-widget elementor-widget-text-editor\" data-id=\"6de3798\" data-element_type=\"widget\" data-e-type=\"widget\" data-widget_type=\"text-editor.default\">\n\t\t\t\t<div class=\"elementor-widget-container\">\n\t\t\t\t\t\t\t\t\t<p>Ensemble, ils se plongent dans le monde de l&rsquo;excellence gastronomique et \u00e9changent et encouragent une grande diversit\u00e9 de connaissances, d&rsquo;exp\u00e9riences et d&rsquo;innovations.<\/p>\n\t\t\t\t\t\t\t\t<\/div>\n\t\t\t\t<\/div>\n\t\t\t\t\t<\/div>\n\t\t<\/div>\n\t\t\t\t\t<\/div>\n\t\t<\/section>\n\t\t\t\t\t<\/div>\n\t\t<\/div>\n\t\t\t\t\t<\/div>\n\t\t<\/section>\n\t\t\t\t<\/div>\n\t\t\t\t<\/div>\n\t\t\t\t\t\t<\/div>\n\t\t\t\t<\/div>\n\t\t\t\t\t<\/div>\n\t\t<\/div>\n\t\t\t\t\t<\/div>\n\t\t<\/section>\n\t\t\t\t<section class=\"elementor-section elementor-top-section elementor-element elementor-element-e88f6da elementor-section-boxed elementor-section-height-default elementor-section-height-default\" data-id=\"e88f6da\" data-element_type=\"section\" data-e-type=\"section\">\n\t\t\t\t\t\t<div class=\"elementor-container elementor-column-gap-default\">\n\t\t\t\t\t<div class=\"elementor-column elementor-col-100 elementor-top-column elementor-element elementor-element-53677b8\" data-id=\"53677b8\" data-element_type=\"column\" data-e-type=\"column\">\n\t\t\t<div class=\"elementor-widget-wrap elementor-element-populated\">\n\t\t\t\t\t\t<div class=\"elementor-element elementor-element-8762e17 elementor-widget elementor-widget-bbp-members\" data-id=\"8762e17\" data-element_type=\"widget\" data-e-type=\"widget\" data-widget_type=\"bbp-members.default\">\n\t\t\t\t<div class=\"elementor-widget-container\">\n\t\t\t\t\t\n<div class=\"bb-members\">\n\n\t\t\t<div class=\"bb-block-header flex align-items-center\">\n\t\t\t<div class=\"bb-block-header__title\"><h3>Mitglieder<\/h3><\/div>\n\t\t\t\t\t\t\t<div class=\"bb-block-header__extra push-right\">\n\t\t\t\t\t\t\t\t\t\t\t<a href=\"https:\/\/escoffierch.com\/fr\/membres\/\" class=\"count-more\">All Members<i class=\"bb-icon-l bb-icon-angle-right\"><\/i><\/a>\n\t\t\t\t\t\t\t\t\t\t<\/div>\n\t\t\t\t\t\t<\/div>\n\t\t\n\t<div class=\"bbel-list-flow\">\n\t\t\n\t\t\t\t<div class=\"bb-members-list bb-members-list--active bb-members-list--align- \">\n\n\t\t\t\t\t\n\t\t\t\t\t\n\t\t\t\t\t\t<div class=\"bb-members-list__item\">\n\t\t\t\t\t\t\t\n\t\t\t\t\t\t\t\t\t\t\t\t\t\t\t<div class=\"bb-members-list__name fn\"><a\n\t\t\t\t\t\t\t\t\t\t\thref=\"https:\/\/escoffierch.com\/fr\/membres\/armando-schneller\/\">Armando Schneller<\/a><\/div>\n\t\t\t\t\t\t\t\t\t\t\t\t\t\t<span class=\"member-status offline\" data-bb-user-id=\"540\" data-bb-user-presence=\"offline\"><\/span>\t\t\t\t\t\t<\/div>\n\n\t\t\t\t\t\n\t\t\t\t\t\t<div class=\"bb-members-list__item\">\n\t\t\t\t\t\t\t\n\t\t\t\t\t\t\t\t\t\t\t\t\t\t\t<div class=\"bb-members-list__name fn\"><a\n\t\t\t\t\t\t\t\t\t\t\thref=\"https:\/\/escoffierch.com\/fr\/membres\/arthur-eikel\/\">Arthur Eikel<\/a><\/div>\n\t\t\t\t\t\t\t\t\t\t\t\t\t\t<span class=\"member-status offline\" data-bb-user-id=\"40\" data-bb-user-presence=\"offline\"><\/span>\t\t\t\t\t\t<\/div>\n\n\t\t\t\t\t\n\t\t\t\t\t\t<div class=\"bb-members-list__item\">\n\t\t\t\t\t\t\t\n\t\t\t\t\t\t\t\t\t\t\t\t\t\t\t<div class=\"bb-members-list__name fn\"><a\n\t\t\t\t\t\t\t\t\t\t\thref=\"https:\/\/escoffierch.com\/fr\/membres\/jean-claude-schmocker\/\">Jean Claude Schmocker<\/a><\/div>\n\t\t\t\t\t\t\t\t\t\t\t\t\t\t<span class=\"member-status offline\" data-bb-user-id=\"103\" data-bb-user-presence=\"offline\"><\/span>\t\t\t\t\t\t<\/div>\n\n\t\t\t\t\t\n\t\t\t\t\t\t<div class=\"bb-members-list__item\">\n\t\t\t\t\t\t\t\n\t\t\t\t\t\t\t\t\t\t\t\t\t\t\t<div class=\"bb-members-list__name fn\"><a\n\t\t\t\t\t\t\t\t\t\t\thref=\"https:\/\/escoffierch.com\/fr\/membres\/gerhard-portmann\/\">Gery Portmann<\/a><\/div>\n\t\t\t\t\t\t\t\t\t\t\t\t\t\t<span class=\"member-status offline\" data-bb-user-id=\"88\" data-bb-user-presence=\"offline\"><\/span>\t\t\t\t\t\t<\/div>\n\n\t\t\t\t\t\n\t\t\t\t\t\t<div class=\"bb-members-list__item\">\n\t\t\t\t\t\t\t\n\t\t\t\t\t\t\t\t\t\t\t\t\t\t\t<div class=\"bb-members-list__name fn\"><a\n\t\t\t\t\t\t\t\t\t\t\thref=\"https:\/\/escoffierch.com\/fr\/membres\/gero-porstein\/\">Gero Porstein<\/a><\/div>\n\t\t\t\t\t\t\t\t\t\t\t\t\t\t<span class=\"member-status offline\" data-bb-user-id=\"488\" data-bb-user-presence=\"offline\"><\/span>\t\t\t\t\t\t<\/div>\n\n\t\t\t\t\t\t\t\t\t<\/div>\n\t\t\t\t\n\t\t\t\t<div class=\"bb-members-list bb-members-list--popular bb-members-list--align- \">\n\n\t\t\t\t\t\n\t\t\t\t\t\n\t\t\t\t\t\t<div class=\"bb-members-list__item bb-members-list__item\">\n\t\t\t\t\t\t\t\n\t\t\t\t\t\t\t\t\t\t\t\t\t\t\t<div class=\"bb-members-list__name fn\"><a\n\t\t\t\t\t\t\t\t\t\t\thref=\"https:\/\/escoffierch.com\/fr\/membres\/leonard-shaun\/\">Shaun Leonard<\/a><\/div>\n\t\t\t\t\t\t\t\t\t\t\t\t\t\t<span class=\"member-status offline\" data-bb-user-id=\"124\" data-bb-user-presence=\"offline\"><\/span>\t\t\t\t\t\t<\/div>\n\n\t\t\t\t\t\n\t\t\t\t\t\t<div class=\"bb-members-list__item bb-members-list__item\">\n\t\t\t\t\t\t\t\n\t\t\t\t\t\t\t\t\t\t\t\t\t\t\t<div class=\"bb-members-list__name fn\"><a\n\t\t\t\t\t\t\t\t\t\t\thref=\"https:\/\/escoffierch.com\/fr\/membres\/thierry-fischer\/\">Thierry Fischer<\/a><\/div>\n\t\t\t\t\t\t\t\t\t\t\t\t\t\t<span class=\"member-status offline\" data-bb-user-id=\"221\" data-bb-user-presence=\"offline\"><\/span>\t\t\t\t\t\t<\/div>\n\n\t\t\t\t\t\n\t\t\t\t\t\t<div class=\"bb-members-list__item bb-members-list__item\">\n\t\t\t\t\t\t\t\n\t\t\t\t\t\t\t\t\t\t\t\t\t\t\t<div class=\"bb-members-list__name fn\"><a\n\t\t\t\t\t\t\t\t\t\t\thref=\"https:\/\/escoffierch.com\/fr\/membres\/thierry-fouquet\/\">Thierry Fouquet<\/a><\/div>\n\t\t\t\t\t\t\t\t\t\t\t\t\t\t<span class=\"member-status offline\" data-bb-user-id=\"222\" data-bb-user-presence=\"offline\"><\/span>\t\t\t\t\t\t<\/div>\n\n\t\t\t\t\t\n\t\t\t\t\t\t<div class=\"bb-members-list__item bb-members-list__item\">\n\t\t\t\t\t\t\t\n\t\t\t\t\t\t\t\t\t\t\t\t\t\t\t<div class=\"bb-members-list__name fn\"><a\n\t\t\t\t\t\t\t\t\t\t\thref=\"https:\/\/escoffierch.com\/fr\/membres\/arthur-eikel\/\">Arthur Eikel<\/a><\/div>\n\t\t\t\t\t\t\t\t\t\t\t\t\t\t<span class=\"member-status offline\" data-bb-user-id=\"40\" data-bb-user-presence=\"offline\"><\/span>\t\t\t\t\t\t<\/div>\n\n\t\t\t\t\t\n\t\t\t\t\t\t<div class=\"bb-members-list__item bb-members-list__item\">\n\t\t\t\t\t\t\t\n\t\t\t\t\t\t\t\t\t\t\t\t\t\t\t<div class=\"bb-members-list__name fn\"><a\n\t\t\t\t\t\t\t\t\t\t\thref=\"https:\/\/escoffierch.com\/fr\/membres\/andreas-krais\/\">Andreas Krais<\/a><\/div>\n\t\t\t\t\t\t\t\t\t\t\t\t\t\t<span class=\"member-status offline\" data-bb-user-id=\"34\" data-bb-user-presence=\"offline\"><\/span>\t\t\t\t\t\t<\/div>\n\n\t\t\t\t\t\t\t\t\t<\/div>\n\t\t\t\t\n\t\t\t\t<div class=\"bb-members-list bb-members-list--newest bb-members-list--align- active\">\n\n\t\t\t\t\t\n\t\t\t\t\t\n\t\t\t\t\t\t<div class=\"bb-members-list__item bb-members-list__item bb-members-list__item\">\n\t\t\t\t\t\t\t\n\t\t\t\t\t\t\t\t\t\t\t\t\t\t\t<div class=\"bb-members-list__name fn\"><a\n\t\t\t\t\t\t\t\t\t\t\thref=\"https:\/\/escoffierch.com\/fr\/membres\/frederic-ziorjen\/\">Frederic Zi\u00f6rjen<\/a><\/div>\n\t\t\t\t\t\t\t\t\t\t\t\t\t\t<span class=\"member-status offline\" data-bb-user-id=\"547\" data-bb-user-presence=\"offline\"><\/span>\t\t\t\t\t\t<\/div>\n\n\t\t\t\t\t\n\t\t\t\t\t\t<div class=\"bb-members-list__item bb-members-list__item bb-members-list__item\">\n\t\t\t\t\t\t\t\n\t\t\t\t\t\t\t\t\t\t\t\t\t\t\t<div class=\"bb-members-list__name fn\"><a\n\t\t\t\t\t\t\t\t\t\t\thref=\"https:\/\/escoffierch.com\/fr\/membres\/loic-moulinier\/\">Loic Moulinier<\/a><\/div>\n\t\t\t\t\t\t\t\t\t\t\t\t\t\t<span class=\"member-status offline\" data-bb-user-id=\"546\" data-bb-user-presence=\"offline\"><\/span>\t\t\t\t\t\t<\/div>\n\n\t\t\t\t\t\n\t\t\t\t\t\t<div class=\"bb-members-list__item bb-members-list__item bb-members-list__item\">\n\t\t\t\t\t\t\t\n\t\t\t\t\t\t\t\t\t\t\t\t\t\t\t<div class=\"bb-members-list__name fn\"><a\n\t\t\t\t\t\t\t\t\t\t\thref=\"https:\/\/escoffierch.com\/fr\/membres\/markus-lindner\/\">Markus Lindner<\/a><\/div>\n\t\t\t\t\t\t\t\t\t\t\t\t\t\t<span class=\"member-status offline\" data-bb-user-id=\"545\" data-bb-user-presence=\"offline\"><\/span>\t\t\t\t\t\t<\/div>\n\n\t\t\t\t\t\n\t\t\t\t\t\t<div class=\"bb-members-list__item bb-members-list__item bb-members-list__item\">\n\t\t\t\t\t\t\t\n\t\t\t\t\t\t\t\t\t\t\t\t\t\t\t<div class=\"bb-members-list__name fn\"><a\n\t\t\t\t\t\t\t\t\t\t\thref=\"https:\/\/escoffierch.com\/fr\/membres\/robertina-porstein\/\">Robertina Porstein<\/a><\/div>\n\t\t\t\t\t\t\t\t\t\t\t\t\t\t<span class=\"member-status offline\" data-bb-user-id=\"544\" data-bb-user-presence=\"offline\"><\/span>\t\t\t\t\t\t<\/div>\n\n\t\t\t\t\t\n\t\t\t\t\t\t<div class=\"bb-members-list__item bb-members-list__item bb-members-list__item\">\n\t\t\t\t\t\t\t\n\t\t\t\t\t\t\t\t\t\t\t\t\t\t\t<div class=\"bb-members-list__name fn\"><a\n\t\t\t\t\t\t\t\t\t\t\thref=\"https:\/\/escoffierch.com\/fr\/membres\/nicolas-hohler\/\">Nicolas Hohler<\/a><\/div>\n\t\t\t\t\t\t\t\t\t\t\t\t\t\t<span class=\"member-status offline\" data-bb-user-id=\"543\" data-bb-user-presence=\"offline\"><\/span>\t\t\t\t\t\t<\/div>\n\n\t\t\t\t\t\t\t\t\t<\/div>\n\t\t\t\t\t<\/div>\n\n<\/div>\n\t\t\t\t<\/div>\n\t\t\t\t<\/div>\n\t\t\t\t\t<\/div>\n\t\t<\/div>\n\t\t\t\t\t<\/div>\n\t\t<\/section>\n\t\t\t\t<\/div>\n\t\t","protected":false},"excerpt":{"rendered":"<p>Mitglieder All Members Nadia Etzweiler Hansj\u00fcrg Gugger hriday chaudhary Jane Mittel Freiburg Amb Over Bern Sorry, no members were found. J\u00f6rg Rudolf von Rohr Francis&hellip;<\/p>\n","protected":false},"author":1,"featured_media":6782,"parent":0,"menu_order":0,"comment_status":"closed","ping_status":"closed","template":"elementor_header_footer","meta":{"_acf_changed":false,"pmpro_default_level":"","footnotes":""},"class_list":["post-7438","page","type-page","status-publish","has-post-thumbnail","hentry","pmpro-has-access"],"acf":[],"_links":{"self":[{"href":"https:\/\/escoffierch.com\/fr\/wp-json\/wp\/v2\/pages\/7438","targetHints":{"allow":["GET"]}}],"collection":[{"href":"https:\/\/escoffierch.com\/fr\/wp-json\/wp\/v2\/pages"}],"about":[{"href":"https:\/\/escoffierch.com\/fr\/wp-json\/wp\/v2\/types\/page"}],"author":[{"embeddable":true,"href":"https:\/\/escoffierch.com\/fr\/wp-json\/wp\/v2\/users\/1"}],"replies":[{"embeddable":true,"href":"https:\/\/escoffierch.com\/fr\/wp-json\/wp\/v2\/comments?post=7438"}],"version-history":[{"count":0,"href":"https:\/\/escoffierch.com\/fr\/wp-json\/wp\/v2\/pages\/7438\/revisions"}],"wp:featuredmedia":[{"embeddable":true,"href":"https:\/\/escoffierch.com\/fr\/wp-json\/wp\/v2\/media\/6782"}],"wp:attachment":[{"href":"https:\/\/escoffierch.com\/fr\/wp-json\/wp\/v2\/media?parent=7438"}],"curies":[{"name":"wp","href":"https:\/\/api.w.org\/{rel}","templated":true}]}}